{"id":22,"date":"2026-02-02T19:31:28","date_gmt":"2026-02-02T22:31:28","guid":{"rendered":"https:\/\/moov4.tech\/?page_id=22"},"modified":"2026-02-16T12:52:40","modified_gmt":"2026-02-16T15:52:40","slug":"ciber-seguranca","status":"publish","type":"page","link":"https:\/\/moov4.tech\/index.php\/ciber-seguranca\/","title":{"rendered":"Ciber Seguran\u00e7a"},"content":{"rendered":"\t\t<div data-elementor-type=\"wp-page\" data-elementor-id=\"22\" class=\"elementor elementor-22\" data-elementor-post-type=\"page\">\n\t\t\t\t<div class=\"elementor-element elementor-element-2198772 e-con-full e-flex e-con e-parent\" data-id=\"2198772\" data-element_type=\"container\" data-e-type=\"container\" data-settings=\"{&quot;background_background&quot;:&quot;classic&quot;}\">\n\t\t<div class=\"elementor-element elementor-element-97d159e e-con-full e-flex e-con e-child\" data-id=\"97d159e\" data-element_type=\"container\" data-e-type=\"container\">\n\t\t<div class=\"elementor-element elementor-element-78036df e-con-full e-flex e-con e-child\" data-id=\"78036df\" data-element_type=\"container\" data-e-type=\"container\">\n\t\t\t\t<div class=\"elementor-element elementor-element-45fc155 elementor-widget elementor-widget-image\" data-id=\"45fc155\" data-element_type=\"widget\" data-e-type=\"widget\" data-widget_type=\"image.default\">\n\t\t\t\t\t\t\t\t\t\t\t\t\t\t\t<img decoding=\"async\" width=\"47\" height=\"47\" src=\"https:\/\/moov4.tech\/wp-content\/uploads\/2026\/02\/6-seta-section-metodologia-copiar.webp\" class=\"attachment-full size-full wp-image-381\" alt=\"\" \/>\t\t\t\t\t\t\t\t\t\t\t\t\t\t\t<\/div>\n\t\t\t\t<\/div>\n\t\t<div class=\"elementor-element elementor-element-5c7a3ae e-con-full e-flex e-con e-child\" data-id=\"5c7a3ae\" data-element_type=\"container\" data-e-type=\"container\">\n\t\t\t\t<div class=\"elementor-element elementor-element-177355f elementor-widget elementor-widget-heading\" data-id=\"177355f\" data-element_type=\"widget\" data-e-type=\"widget\" data-widget_type=\"heading.default\">\n\t\t\t\t\t<h2 class=\"elementor-heading-title elementor-size-default\">Ciber Seguran\u00e7a<\/h2>\t\t\t\t<\/div>\n\t\t\t\t<div class=\"elementor-element elementor-element-7e59d00 elementor-widget elementor-widget-heading\" data-id=\"7e59d00\" data-element_type=\"widget\" data-e-type=\"widget\" data-widget_type=\"heading.default\">\n\t\t\t\t\t<h2 class=\"elementor-heading-title elementor-size-default\">PER\u00cdMETRO  &gt;  REDES  &gt;  ENDPOINT  &gt;  APLICA\u00c7\u00d5ES  &gt;  DADOS<\/h2>\t\t\t\t<\/div>\n\t\t\t\t<div class=\"elementor-element elementor-element-9815e6b elementor-widget elementor-widget-heading\" data-id=\"9815e6b\" data-element_type=\"widget\" data-e-type=\"widget\" data-widget_type=\"heading.default\">\n\t\t\t\t\t<h2 class=\"elementor-heading-title elementor-size-default\">Monitoramento cont\u00ednuo, resposta a incidentes e governan\u00e7a em todas as camadas.<\/h2>\t\t\t\t<\/div>\n\t\t\t\t<div class=\"elementor-element elementor-element-eb540df elementor-widget elementor-widget-text-editor\" data-id=\"eb540df\" data-element_type=\"widget\" data-e-type=\"widget\" data-widget_type=\"text-editor.default\">\n\t\t\t\t\t\t\t\t\t<p>Construindo funda\u00e7\u00f5es s\u00f3lidas para excel\u00eancia em engenharia. Praticamos Engineering Platform Foundation: cria\u00e7\u00e3o de funda\u00e7\u00f5es s\u00f3lidas de software e infraestrutura para resultados mensur\u00e1veis no m\u00e9dio e longo prazo. Transformamos a engenharia de um centro de custo em diferencial estrat\u00e9gico com governan\u00e7a e automa\u00e7\u00e3o.<\/p>\t\t\t\t\t\t\t\t<\/div>\n\t\t\t\t<\/div>\n\t\t\t\t<\/div>\n\t\t<div class=\"elementor-element elementor-element-593392a e-con-full e-flex e-con e-child\" data-id=\"593392a\" data-element_type=\"container\" data-e-type=\"container\">\n\t\t\t\t<\/div>\n\t\t<div class=\"elementor-element elementor-element-ca398db e-con-full e-flex e-con e-child\" data-id=\"ca398db\" data-element_type=\"container\" data-e-type=\"container\">\n\t\t<div class=\"elementor-element elementor-element-9cd5440 e-con-full e-flex e-con e-child\" data-id=\"9cd5440\" data-element_type=\"container\" data-e-type=\"container\" data-settings=\"{&quot;background_background&quot;:&quot;classic&quot;}\">\n\t\t<div class=\"elementor-element elementor-element-6f44663 e-con-full e-flex e-con e-child\" data-id=\"6f44663\" data-element_type=\"container\" data-e-type=\"container\">\n\t\t<div class=\"elementor-element elementor-element-ffb938c e-con-full e-flex e-con e-child\" data-id=\"ffb938c\" data-element_type=\"container\" data-e-type=\"container\">\n\t\t\t\t<div class=\"elementor-element elementor-element-fe83948 elementor-widget elementor-widget-image\" data-id=\"fe83948\" data-element_type=\"widget\" data-e-type=\"widget\" data-widget_type=\"image.default\">\n\t\t\t\t\t\t\t\t\t\t\t\t\t\t\t<img decoding=\"async\" width=\"47\" height=\"47\" src=\"https:\/\/moov4.tech\/wp-content\/uploads\/2026\/02\/6-seta-section-metodologia-copiar.webp\" class=\"attachment-full size-full wp-image-381\" alt=\"\" \/>\t\t\t\t\t\t\t\t\t\t\t\t\t\t\t<\/div>\n\t\t\t\t<\/div>\n\t\t<div class=\"elementor-element elementor-element-e3bcd5a e-con-full e-flex e-con e-child\" data-id=\"e3bcd5a\" data-element_type=\"container\" data-e-type=\"container\">\n\t\t\t\t<div class=\"elementor-element elementor-element-8740ac2 elementor-widget elementor-widget-heading\" data-id=\"8740ac2\" data-element_type=\"widget\" data-e-type=\"widget\" data-widget_type=\"heading.default\">\n\t\t\t\t\t<h2 class=\"elementor-heading-title elementor-size-default\">315 BILH\u00d5ES<\/h2>\t\t\t\t<\/div>\n\t\t\t\t<div class=\"elementor-element elementor-element-f81a655 elementor-widget elementor-widget-text-editor\" data-id=\"f81a655\" data-element_type=\"widget\" data-e-type=\"widget\" data-widget_type=\"text-editor.default\">\n\t\t\t\t\t\t\t\t\tde tentativas de ataques cibern\u00e9ticos \nsomente em 2025 (Exame)\t\t\t\t\t\t\t\t<\/div>\n\t\t\t\t<\/div>\n\t\t\t\t<\/div>\n\t\t<div class=\"elementor-element elementor-element-1c96f10 e-con-full e-flex e-con e-child\" data-id=\"1c96f10\" data-element_type=\"container\" data-e-type=\"container\">\n\t\t<div class=\"elementor-element elementor-element-d036c69 e-con-full e-flex e-con e-child\" data-id=\"d036c69\" data-element_type=\"container\" data-e-type=\"container\">\n\t\t\t\t<div class=\"elementor-element elementor-element-1f957ee elementor-widget elementor-widget-image\" data-id=\"1f957ee\" data-element_type=\"widget\" data-e-type=\"widget\" data-widget_type=\"image.default\">\n\t\t\t\t\t\t\t\t\t\t\t\t\t\t\t<img decoding=\"async\" width=\"47\" height=\"47\" src=\"https:\/\/moov4.tech\/wp-content\/uploads\/2026\/02\/6-seta-section-metodologia-copiar.webp\" class=\"attachment-full size-full wp-image-381\" alt=\"\" \/>\t\t\t\t\t\t\t\t\t\t\t\t\t\t\t<\/div>\n\t\t\t\t<\/div>\n\t\t<div class=\"elementor-element elementor-element-568d75f e-con-full e-flex e-con e-child\" data-id=\"568d75f\" data-element_type=\"container\" data-e-type=\"container\">\n\t\t\t\t<div class=\"elementor-element elementor-element-c836a3a elementor-widget elementor-widget-heading\" data-id=\"c836a3a\" data-element_type=\"widget\" data-e-type=\"widget\" data-widget_type=\"heading.default\">\n\t\t\t\t\t<h2 class=\"elementor-heading-title elementor-size-default\">CIBERATAQUES COM IA <\/h2>\t\t\t\t<\/div>\n\t\t\t\t<div class=\"elementor-element elementor-element-4eb7b12 elementor-widget elementor-widget-text-editor\" data-id=\"4eb7b12\" data-element_type=\"widget\" data-e-type=\"widget\" data-widget_type=\"text-editor.default\">\n\t\t\t\t\t\t\t\t\t<p>em franca ascens\u00e3o<\/p>\t\t\t\t\t\t\t\t<\/div>\n\t\t\t\t<\/div>\n\t\t\t\t<\/div>\n\t\t<div class=\"elementor-element elementor-element-d26c125 e-con-full e-flex e-con e-child\" data-id=\"d26c125\" data-element_type=\"container\" data-e-type=\"container\">\n\t\t<div class=\"elementor-element elementor-element-ea66ee2 e-con-full e-flex e-con e-child\" data-id=\"ea66ee2\" data-element_type=\"container\" data-e-type=\"container\">\n\t\t\t\t<div class=\"elementor-element elementor-element-9c2cf25 elementor-widget elementor-widget-image\" data-id=\"9c2cf25\" data-element_type=\"widget\" data-e-type=\"widget\" data-widget_type=\"image.default\">\n\t\t\t\t\t\t\t\t\t\t\t\t\t\t\t<img decoding=\"async\" width=\"47\" height=\"47\" src=\"https:\/\/moov4.tech\/wp-content\/uploads\/2026\/02\/6-seta-section-metodologia-copiar.webp\" class=\"attachment-full size-full wp-image-381\" alt=\"\" \/>\t\t\t\t\t\t\t\t\t\t\t\t\t\t\t<\/div>\n\t\t\t\t<\/div>\n\t\t<div class=\"elementor-element elementor-element-e3c47a9 e-con-full e-flex e-con e-child\" data-id=\"e3c47a9\" data-element_type=\"container\" data-e-type=\"container\">\n\t\t\t\t<div class=\"elementor-element elementor-element-75ddff7 elementor-widget elementor-widget-heading\" data-id=\"75ddff7\" data-element_type=\"widget\" data-e-type=\"widget\" data-widget_type=\"heading.default\">\n\t\t\t\t\t<h2 class=\"elementor-heading-title elementor-size-default\">MALWARE E RANSOMWARE  \n<\/h2>\t\t\t\t<\/div>\n\t\t\t\t<div class=\"elementor-element elementor-element-ef68327 elementor-widget elementor-widget-text-editor\" data-id=\"ef68327\" data-element_type=\"widget\" data-e-type=\"widget\" data-widget_type=\"text-editor.default\">\n\t\t\t\t\t\t\t\t\t<p>alimentados por aprendizado de m\u00e1quina<\/p>\t\t\t\t\t\t\t\t<\/div>\n\t\t\t\t<\/div>\n\t\t\t\t<\/div>\n\t\t<div class=\"elementor-element elementor-element-12c3d72 e-con-full e-flex e-con e-child\" data-id=\"12c3d72\" data-element_type=\"container\" data-e-type=\"container\">\n\t\t<div class=\"elementor-element elementor-element-f7b9418 e-con-full e-flex e-con e-child\" data-id=\"f7b9418\" data-element_type=\"container\" data-e-type=\"container\">\n\t\t\t\t<div class=\"elementor-element elementor-element-ca5678d elementor-widget elementor-widget-image\" data-id=\"ca5678d\" data-element_type=\"widget\" data-e-type=\"widget\" data-widget_type=\"image.default\">\n\t\t\t\t\t\t\t\t\t\t\t\t\t\t\t<img decoding=\"async\" width=\"47\" height=\"47\" src=\"https:\/\/moov4.tech\/wp-content\/uploads\/2026\/02\/6-seta-section-metodologia-copiar.webp\" class=\"attachment-full size-full wp-image-381\" alt=\"\" \/>\t\t\t\t\t\t\t\t\t\t\t\t\t\t\t<\/div>\n\t\t\t\t<\/div>\n\t\t<div class=\"elementor-element elementor-element-d5813e1 e-con-full e-flex e-con e-child\" data-id=\"d5813e1\" data-element_type=\"container\" data-e-type=\"container\">\n\t\t\t\t<div class=\"elementor-element elementor-element-305896d elementor-widget elementor-widget-heading\" data-id=\"305896d\" data-element_type=\"widget\" data-e-type=\"widget\" data-widget_type=\"heading.default\">\n\t\t\t\t\t<h2 class=\"elementor-heading-title elementor-size-default\">ATAQUES DE PHISHING  \n<\/h2>\t\t\t\t<\/div>\n\t\t\t\t<div class=\"elementor-element elementor-element-8469519 elementor-widget elementor-widget-text-editor\" data-id=\"8469519\" data-element_type=\"widget\" data-e-type=\"widget\" data-widget_type=\"text-editor.default\">\n\t\t\t\t\t\t\t\t\t<p>com tecnologia de IA<\/p>\t\t\t\t\t\t\t\t<\/div>\n\t\t\t\t<\/div>\n\t\t\t\t<\/div>\n\t\t\t\t<\/div>\n\t\t<div class=\"elementor-element elementor-element-149f227 e-con-full e-flex e-con e-child\" data-id=\"149f227\" data-element_type=\"container\" data-e-type=\"container\">\n\t\t<div class=\"elementor-element elementor-element-9e06acf e-con-full e-flex e-con e-child\" data-id=\"9e06acf\" data-element_type=\"container\" data-e-type=\"container\">\n\t\t\t\t<div class=\"elementor-element elementor-element-e74175e elementor-widget elementor-widget-image\" data-id=\"e74175e\" data-element_type=\"widget\" data-e-type=\"widget\" data-widget_type=\"image.default\">\n\t\t\t\t\t\t\t\t\t\t\t\t\t\t\t<img decoding=\"async\" width=\"255\" height=\"148\" src=\"https:\/\/moov4.tech\/wp-content\/uploads\/2026\/02\/revenda.png\" class=\"attachment-full size-full wp-image-716\" alt=\"\" \/>\t\t\t\t\t\t\t\t\t\t\t\t\t\t\t<\/div>\n\t\t\t\t<\/div>\n\t\t<div class=\"elementor-element elementor-element-e38d32a e-con-full e-flex e-con e-child\" data-id=\"e38d32a\" data-element_type=\"container\" data-e-type=\"container\">\n\t\t\t\t<div class=\"elementor-element elementor-element-3d45fc6 elementor-widget elementor-widget-heading\" data-id=\"3d45fc6\" data-element_type=\"widget\" data-e-type=\"widget\" data-widget_type=\"heading.default\">\n\t\t\t\t\t<h2 class=\"elementor-heading-title elementor-size-default\">REVENDA CONSULTIVA<\/h2>\t\t\t\t<\/div>\n\t\t\t\t<\/div>\n\t\t<div class=\"elementor-element elementor-element-6a0267a e-con-full e-flex e-con e-child\" data-id=\"6a0267a\" data-element_type=\"container\" data-e-type=\"container\">\n\t\t\t\t<div class=\"elementor-element elementor-element-e784f64 elementor-widget elementor-widget-image\" data-id=\"e784f64\" data-element_type=\"widget\" data-e-type=\"widget\" data-widget_type=\"image.default\">\n\t\t\t\t\t\t\t\t\t\t\t\t\t\t\t<img decoding=\"async\" width=\"259\" height=\"150\" src=\"https:\/\/moov4.tech\/wp-content\/uploads\/2026\/02\/treinamento.png\" class=\"attachment-full size-full wp-image-717\" alt=\"\" \/>\t\t\t\t\t\t\t\t\t\t\t\t\t\t\t<\/div>\n\t\t\t\t<\/div>\n\t\t<div class=\"elementor-element elementor-element-2ed2161 e-con-full e-flex e-con e-child\" data-id=\"2ed2161\" data-element_type=\"container\" data-e-type=\"container\">\n\t\t\t\t<div class=\"elementor-element elementor-element-0f40091 elementor-widget elementor-widget-heading\" data-id=\"0f40091\" data-element_type=\"widget\" data-e-type=\"widget\" data-widget_type=\"heading.default\">\n\t\t\t\t\t<h2 class=\"elementor-heading-title elementor-size-default\">TREINAMENTO<\/h2>\t\t\t\t<\/div>\n\t\t\t\t<\/div>\n\t\t<div class=\"elementor-element elementor-element-98956ea e-con-full e-flex e-con e-child\" data-id=\"98956ea\" data-element_type=\"container\" data-e-type=\"container\">\n\t\t\t\t<div class=\"elementor-element elementor-element-e8bd3c5 elementor-widget elementor-widget-image\" data-id=\"e8bd3c5\" data-element_type=\"widget\" data-e-type=\"widget\" data-widget_type=\"image.default\">\n\t\t\t\t\t\t\t\t\t\t\t\t\t\t\t<img loading=\"lazy\" decoding=\"async\" width=\"255\" height=\"146\" src=\"https:\/\/moov4.tech\/wp-content\/uploads\/2026\/02\/projeto.png\" class=\"attachment-full size-full wp-image-715\" alt=\"\" \/>\t\t\t\t\t\t\t\t\t\t\t\t\t\t\t<\/div>\n\t\t\t\t<\/div>\n\t\t<div class=\"elementor-element elementor-element-99527c1 e-con-full e-flex e-con e-child\" data-id=\"99527c1\" data-element_type=\"container\" data-e-type=\"container\">\n\t\t\t\t<div class=\"elementor-element elementor-element-4c6d9c9 elementor-widget elementor-widget-heading\" data-id=\"4c6d9c9\" data-element_type=\"widget\" data-e-type=\"widget\" data-widget_type=\"heading.default\">\n\t\t\t\t\t<h2 class=\"elementor-heading-title elementor-size-default\">PROJETOS<\/h2>\t\t\t\t<\/div>\n\t\t\t\t<\/div>\n\t\t<div class=\"elementor-element elementor-element-f6031f8 e-con-full e-flex e-con e-child\" data-id=\"f6031f8\" data-element_type=\"container\" data-e-type=\"container\">\n\t\t\t\t<div class=\"elementor-element elementor-element-b8777c2 elementor-widget elementor-widget-image\" data-id=\"b8777c2\" data-element_type=\"widget\" data-e-type=\"widget\" data-widget_type=\"image.default\">\n\t\t\t\t\t\t\t\t\t\t\t\t\t\t\t<img loading=\"lazy\" decoding=\"async\" width=\"256\" height=\"148\" src=\"https:\/\/moov4.tech\/wp-content\/uploads\/2026\/02\/consultoria.png\" class=\"attachment-full size-full wp-image-713\" alt=\"\" \/>\t\t\t\t\t\t\t\t\t\t\t\t\t\t\t<\/div>\n\t\t\t\t<\/div>\n\t\t<div class=\"elementor-element elementor-element-dd5a3aa e-con-full e-flex e-con e-child\" data-id=\"dd5a3aa\" data-element_type=\"container\" data-e-type=\"container\">\n\t\t\t\t<div class=\"elementor-element elementor-element-b7fd91a elementor-widget elementor-widget-heading\" data-id=\"b7fd91a\" data-element_type=\"widget\" data-e-type=\"widget\" data-widget_type=\"heading.default\">\n\t\t\t\t\t<h2 class=\"elementor-heading-title elementor-size-default\">CONSULTORIA<\/h2>\t\t\t\t<\/div>\n\t\t\t\t<\/div>\n\t\t<div class=\"elementor-element elementor-element-60c67fc e-con-full e-flex e-con e-child\" data-id=\"60c67fc\" data-element_type=\"container\" data-e-type=\"container\">\n\t\t\t\t<div class=\"elementor-element elementor-element-64c21f8 elementor-widget elementor-widget-image\" data-id=\"64c21f8\" data-element_type=\"widget\" data-e-type=\"widget\" data-widget_type=\"image.default\">\n\t\t\t\t\t\t\t\t\t\t\t\t\t\t\t<img loading=\"lazy\" decoding=\"async\" width=\"256\" height=\"130\" src=\"https:\/\/moov4.tech\/wp-content\/uploads\/2026\/02\/defense.png\" class=\"attachment-full size-full wp-image-714\" alt=\"\" \/>\t\t\t\t\t\t\t\t\t\t\t\t\t\t\t<\/div>\n\t\t\t\t<\/div>\n\t\t<div class=\"elementor-element elementor-element-3d26897 e-con-full e-flex e-con e-child\" data-id=\"3d26897\" data-element_type=\"container\" data-e-type=\"container\">\n\t\t\t\t<div class=\"elementor-element elementor-element-e7a42e4 elementor-widget elementor-widget-heading\" data-id=\"e7a42e4\" data-element_type=\"widget\" data-e-type=\"widget\" data-widget_type=\"heading.default\">\n\t\t\t\t\t<h2 class=\"elementor-heading-title elementor-size-default\">DEFENSE OPS<\/h2>\t\t\t\t<\/div>\n\t\t\t\t<\/div>\n\t\t\t\t<\/div>\n\t\t\t\t<\/div>\n\t\t\t\t<\/div>\n\t\t\t\t<\/div>\n\t\t\n    <div class=\"xs_social_share_widget xs_share_url after_content \t\tmain_content  wslu-style-1 wslu-share-box-shaped wslu-fill-colored wslu-none wslu-share-horizontal wslu-theme-font-no wslu-main_content\">\n\n\t\t\n        <ul>\n\t\t\t        <\/ul>\n    <\/div> \n","protected":false},"excerpt":{"rendered":"<p>Ciber Seguran\u00e7a PER\u00cdMETRO &gt; REDES &gt; ENDPOINT &gt; APLICA\u00c7\u00d5ES &gt; DADOS Monitoramento cont\u00ednuo, resposta a incidentes e governan\u00e7a em todas as camadas. Construindo funda\u00e7\u00f5es s\u00f3lidas para excel\u00eancia em engenharia. Praticamos Engineering Platform Foundation: cria\u00e7\u00e3o de funda\u00e7\u00f5es s\u00f3lidas de software e infraestrutura para resultados mensur\u00e1veis no m\u00e9dio e longo prazo. Transformamos a engenharia de um centro [&hellip;]<\/p>\n","protected":false},"author":1,"featured_media":0,"parent":0,"menu_order":0,"comment_status":"closed","ping_status":"closed","template":"","meta":{"postBodyCss":"","postBodyMargin":[],"postBodyPadding":[],"postBodyBackground":{"backgroundType":"classic","gradient":""},"footnotes":""},"class_list":["post-22","page","type-page","status-publish","hentry"],"_links":{"self":[{"href":"https:\/\/moov4.tech\/index.php\/wp-json\/wp\/v2\/pages\/22","targetHints":{"allow":["GET"]}}],"collection":[{"href":"https:\/\/moov4.tech\/index.php\/wp-json\/wp\/v2\/pages"}],"about":[{"href":"https:\/\/moov4.tech\/index.php\/wp-json\/wp\/v2\/types\/page"}],"author":[{"embeddable":true,"href":"https:\/\/moov4.tech\/index.php\/wp-json\/wp\/v2\/users\/1"}],"replies":[{"embeddable":true,"href":"https:\/\/moov4.tech\/index.php\/wp-json\/wp\/v2\/comments?post=22"}],"version-history":[{"count":91,"href":"https:\/\/moov4.tech\/index.php\/wp-json\/wp\/v2\/pages\/22\/revisions"}],"predecessor-version":[{"id":1639,"href":"https:\/\/moov4.tech\/index.php\/wp-json\/wp\/v2\/pages\/22\/revisions\/1639"}],"wp:attachment":[{"href":"https:\/\/moov4.tech\/index.php\/wp-json\/wp\/v2\/media?parent=22"}],"curies":[{"name":"wp","href":"https:\/\/api.w.org\/{rel}","templated":true}]}}