{"id":24,"date":"2026-02-02T19:32:17","date_gmt":"2026-02-02T22:32:17","guid":{"rendered":"https:\/\/moov4.tech\/?page_id=24"},"modified":"2026-02-12T15:48:17","modified_gmt":"2026-02-12T18:48:17","slug":"infra-cloud","status":"publish","type":"page","link":"https:\/\/moov4.tech\/index.php\/infra-cloud\/","title":{"rendered":"Infra &#038; Cloud"},"content":{"rendered":"\t\t<div data-elementor-type=\"wp-page\" data-elementor-id=\"24\" class=\"elementor elementor-24\" data-elementor-post-type=\"page\">\n\t\t\t\t<div class=\"elementor-element elementor-element-b966577 e-con-full e-flex e-con e-parent\" data-id=\"b966577\" data-element_type=\"container\" data-e-type=\"container\" data-settings=\"{&quot;background_background&quot;:&quot;classic&quot;}\">\n\t\t<div class=\"elementor-element elementor-element-28ccdba e-con-full e-flex e-con e-child\" data-id=\"28ccdba\" data-element_type=\"container\" data-e-type=\"container\">\n\t\t<div class=\"elementor-element elementor-element-0a607ae e-con-full e-flex e-con e-child\" data-id=\"0a607ae\" data-element_type=\"container\" data-e-type=\"container\">\n\t\t\t\t<div class=\"elementor-element elementor-element-1414b7b elementor-widget elementor-widget-image\" data-id=\"1414b7b\" data-element_type=\"widget\" data-e-type=\"widget\" data-widget_type=\"image.default\">\n\t\t\t\t\t\t\t\t\t\t\t\t\t\t\t<img decoding=\"async\" width=\"47\" height=\"47\" src=\"https:\/\/moov4.tech\/wp-content\/uploads\/2026\/02\/6-seta-section-metodologia-copiar.webp\" class=\"attachment-full size-full wp-image-381\" alt=\"\" \/>\t\t\t\t\t\t\t\t\t\t\t\t\t\t\t<\/div>\n\t\t\t\t<\/div>\n\t\t<div class=\"elementor-element elementor-element-03a5b1e e-con-full e-flex e-con e-child\" data-id=\"03a5b1e\" data-element_type=\"container\" data-e-type=\"container\">\n\t\t\t\t<div class=\"elementor-element elementor-element-3d4dff5 elementor-widget elementor-widget-heading\" data-id=\"3d4dff5\" data-element_type=\"widget\" data-e-type=\"widget\" data-widget_type=\"heading.default\">\n\t\t\t\t\t<h2 class=\"elementor-heading-title elementor-size-default\"><p class=\"ban-home\" style=\"font-weight: 400;color: #C1E328\">ENGINEERING <\/p>PLATFORM \n<\/h2>\t\t\t\t<\/div>\n\t\t\t\t<div class=\"elementor-element elementor-element-975ba81 elementor-widget elementor-widget-heading\" data-id=\"975ba81\" data-element_type=\"widget\" data-e-type=\"widget\" data-widget_type=\"heading.default\">\n\t\t\t\t\t<h2 class=\"elementor-heading-title elementor-size-default\">FOUNDATION\n<\/h2>\t\t\t\t<\/div>\n\t\t\t\t<div class=\"elementor-element elementor-element-e45fe09 elementor-widget elementor-widget-heading\" data-id=\"e45fe09\" data-element_type=\"widget\" data-e-type=\"widget\" data-widget_type=\"heading.default\">\n\t\t\t\t\t<h2 class=\"elementor-heading-title elementor-size-default\">SOFTWARE  &gt;  CLOUD  &gt;  DEVOPS  &gt;  FINOPS  &gt;  AIOPS<\/h2>\t\t\t\t<\/div>\n\t\t\t\t<div class=\"elementor-element elementor-element-1226b43 elementor-widget elementor-widget-text-editor\" data-id=\"1226b43\" data-element_type=\"widget\" data-e-type=\"widget\" data-widget_type=\"text-editor.default\">\n\t\t\t\t\t\t\t\t\t<p>Construindo funda\u00e7\u00f5es s\u00f3lidas para excel\u00eancia em engenharia. Praticamos Engineering Platform Foundation: cria\u00e7\u00e3o de funda\u00e7\u00f5es s\u00f3lidas de software e infraestrutura para resultados mensur\u00e1veis no m\u00e9dio e longo prazo. Transformamos a engenharia de um centro de custo em diferencial estrat\u00e9gico com governan\u00e7a e automa\u00e7\u00e3o.<\/p>\t\t\t\t\t\t\t\t<\/div>\n\t\t\t\t<\/div>\n\t\t\t\t<\/div>\n\t\t<div class=\"elementor-element elementor-element-2056476 e-con-full e-flex e-con e-child\" data-id=\"2056476\" data-element_type=\"container\" data-e-type=\"container\">\n\t\t<div class=\"elementor-element elementor-element-5146231 e-con-full e-flex e-con e-child\" data-id=\"5146231\" data-element_type=\"container\" data-e-type=\"container\" data-settings=\"{&quot;background_background&quot;:&quot;classic&quot;}\">\n\t\t<div class=\"elementor-element elementor-element-c3ddc45 e-con-full e-flex e-con e-child\" data-id=\"c3ddc45\" data-element_type=\"container\" data-e-type=\"container\">\n\t\t\t\t<div class=\"elementor-element elementor-element-57ccb0c elementor-widget elementor-widget-heading\" data-id=\"57ccb0c\" data-element_type=\"widget\" data-e-type=\"widget\" data-widget_type=\"heading.default\">\n\t\t\t\t\t<h2 class=\"elementor-heading-title elementor-size-default\">FUNDA\u00c7\u00c3O ESTRAT\u00c9GICA \n<\/h2>\t\t\t\t<\/div>\n\t\t\t\t<div class=\"elementor-element elementor-element-36a95af elementor-widget elementor-widget-text-editor\" data-id=\"36a95af\" data-element_type=\"widget\" data-e-type=\"widget\" data-widget_type=\"text-editor.default\">\n\t\t\t\t\t\t\t\t\t<ul><li>M\u00e9tricas de engenharia definidas conforme a <br \/>necessidade do cliente.<\/li><li>Vis\u00e3o da evolu\u00e7\u00e3o por m\u00e9tricas de produto e <br \/>cria\u00e7\u00e3o de targets.<\/li><li>Base de longo prazo, evitando desperd\u00edcio e <br \/>otimizando processos com m\u00e9tricas <br \/>consistentes e evolutivas<\/li><\/ul>\t\t\t\t\t\t\t\t<\/div>\n\t\t\t\t<\/div>\n\t\t<div class=\"elementor-element elementor-element-84d340d e-con-full e-flex e-con e-child\" data-id=\"84d340d\" data-element_type=\"container\" data-e-type=\"container\">\n\t\t\t\t<div class=\"elementor-element elementor-element-8bf2c59 elementor-widget elementor-widget-heading\" data-id=\"8bf2c59\" data-element_type=\"widget\" data-e-type=\"widget\" data-widget_type=\"heading.default\">\n\t\t\t\t\t<h2 class=\"elementor-heading-title elementor-size-default\">GOVERNAN\u00c7A E VISIBILIDADE <\/h2>\t\t\t\t<\/div>\n\t\t\t\t<div class=\"elementor-element elementor-element-c97bd17 elementor-widget elementor-widget-text-editor\" data-id=\"c97bd17\" data-element_type=\"widget\" data-e-type=\"widget\" data-widget_type=\"text-editor.default\">\n\t\t\t\t\t\t\t\t\t<ul><li>\u00a0Visibilidade clara de custos, seguran\u00e7a e <br \/>performance.<\/li><li>Policy as code para garantir 100% de <br \/>compliance (SOX e MICS).<\/li><li>SLOs, SLIs, MTTR, MTBF como m\u00e9tricas de <br \/>engenharia.<\/li><\/ul>\t\t\t\t\t\t\t\t<\/div>\n\t\t\t\t<\/div>\n\t\t<div class=\"elementor-element elementor-element-dffddef e-con-full e-flex e-con e-child\" data-id=\"dffddef\" data-element_type=\"container\" data-e-type=\"container\">\n\t\t\t\t<div class=\"elementor-element elementor-element-e5a0984 elementor-widget elementor-widget-heading\" data-id=\"e5a0984\" data-element_type=\"widget\" data-e-type=\"widget\" data-widget_type=\"heading.default\">\n\t\t\t\t\t<h2 class=\"elementor-heading-title elementor-size-default\">REDU\u00c7\u00c3O DE LEAD TIME<\/h2>\t\t\t\t<\/div>\n\t\t\t\t<div class=\"elementor-element elementor-element-9c8cf31 elementor-widget elementor-widget-text-editor\" data-id=\"9c8cf31\" data-element_type=\"widget\" data-e-type=\"widget\" data-widget_type=\"text-editor.default\">\n\t\t\t\t\t\t\t\t\t<ul><li>Deploys mais r\u00e1pidos via pipelines.<\/li><li>Plataforma self-service: onboarding de <br \/>semanas para horas.<\/li><li>Golden paths que eliminam 70% das decis\u00f5es <br \/>de infraestrutura e software.<\/li><\/ul>\t\t\t\t\t\t\t\t<\/div>\n\t\t\t\t<\/div>\n\t\t<div class=\"elementor-element elementor-element-026f710 e-con-full e-flex e-con e-child\" data-id=\"026f710\" data-element_type=\"container\" data-e-type=\"container\">\n\t\t\t\t<div class=\"elementor-element elementor-element-cc66091 elementor-widget elementor-widget-heading\" data-id=\"cc66091\" data-element_type=\"widget\" data-e-type=\"widget\" data-widget_type=\"heading.default\">\n\t\t\t\t\t<h2 class=\"elementor-heading-title elementor-size-default\">OTIMIZA\u00c7\u00c3O DE CUSTOS \n<\/h2>\t\t\t\t<\/div>\n\t\t\t\t<div class=\"elementor-element elementor-element-de7b58c elementor-widget elementor-widget-text-editor\" data-id=\"de7b58c\" data-element_type=\"widget\" data-e-type=\"widget\" data-widget_type=\"text-editor.default\">\n\t\t\t\t\t\t\t\t\t<ul><li>Redu\u00e7\u00e3o de desperd\u00edcios de cloud e <br \/>softwares.<\/li><li>Aloca\u00e7\u00e3o de custos por produto, squad e <br \/>feature.<\/li><li>Cultura de ownership financeiro com <br \/>showback e chargeback.<\/li><\/ul>\t\t\t\t\t\t\t\t<\/div>\n\t\t\t\t<\/div>\n\t\t\t\t<\/div>\n\t\t\t\t<\/div>\n\t\t\t\t<\/div>\n\t\t\t\t<\/div>\n\t\t\n    <div class=\"xs_social_share_widget xs_share_url after_content \t\tmain_content  wslu-style-1 wslu-share-box-shaped wslu-fill-colored wslu-none wslu-share-horizontal wslu-theme-font-no wslu-main_content\">\n\n\t\t\n        <ul>\n\t\t\t        <\/ul>\n    <\/div> \n","protected":false},"excerpt":{"rendered":"<p>ENGINEERING PLATFORM FOUNDATION SOFTWARE &gt; CLOUD &gt; DEVOPS &gt; FINOPS &gt; AIOPS Construindo funda\u00e7\u00f5es s\u00f3lidas para excel\u00eancia em engenharia. Praticamos Engineering Platform Foundation: cria\u00e7\u00e3o de funda\u00e7\u00f5es s\u00f3lidas de software e infraestrutura para resultados mensur\u00e1veis no m\u00e9dio e longo prazo. Transformamos a engenharia de um centro de custo em diferencial estrat\u00e9gico com governan\u00e7a e automa\u00e7\u00e3o. FUNDA\u00c7\u00c3O [&hellip;]<\/p>\n","protected":false},"author":1,"featured_media":0,"parent":0,"menu_order":0,"comment_status":"closed","ping_status":"closed","template":"","meta":{"postBodyCss":"","postBodyMargin":[],"postBodyPadding":[],"postBodyBackground":{"backgroundType":"classic","gradient":""},"footnotes":""},"class_list":["post-24","page","type-page","status-publish","hentry"],"_links":{"self":[{"href":"https:\/\/moov4.tech\/index.php\/wp-json\/wp\/v2\/pages\/24","targetHints":{"allow":["GET"]}}],"collection":[{"href":"https:\/\/moov4.tech\/index.php\/wp-json\/wp\/v2\/pages"}],"about":[{"href":"https:\/\/moov4.tech\/index.php\/wp-json\/wp\/v2\/types\/page"}],"author":[{"embeddable":true,"href":"https:\/\/moov4.tech\/index.php\/wp-json\/wp\/v2\/users\/1"}],"replies":[{"embeddable":true,"href":"https:\/\/moov4.tech\/index.php\/wp-json\/wp\/v2\/comments?post=24"}],"version-history":[{"count":43,"href":"https:\/\/moov4.tech\/index.php\/wp-json\/wp\/v2\/pages\/24\/revisions"}],"predecessor-version":[{"id":1359,"href":"https:\/\/moov4.tech\/index.php\/wp-json\/wp\/v2\/pages\/24\/revisions\/1359"}],"wp:attachment":[{"href":"https:\/\/moov4.tech\/index.php\/wp-json\/wp\/v2\/media?parent=24"}],"curies":[{"name":"wp","href":"https:\/\/api.w.org\/{rel}","templated":true}]}}